{"id":3767,"date":"2023-05-19T15:18:44","date_gmt":"2023-05-19T15:18:44","guid":{"rendered":"http:\/\/sv7.companovel.info\/?page_id=3767"},"modified":"2024-05-02T01:23:15","modified_gmt":"2024-05-02T01:23:15","slug":"angel-de-la-guarda-mi-dulce-compania","status":"publish","type":"page","link":"https:\/\/sv7.companovel.info\/?page_id=3767","title":{"rendered":"\u00c1ngel de la guarda, mi dulce compa\u00f1\u00eda:"},"content":{"rendered":"","protected":false},"excerpt":{"rendered":"","protected":false},"author":1,"featured_media":0,"parent":0,"menu_order":0,"comment_status":"closed","ping_status":"closed","template":"page-iframe.php","meta":{"_acf_changed":false,"footnotes":""},"class_list":["post-3767","page","type-page","status-publish","hentry"],"acf":[],"_links":{"self":[{"href":"https:\/\/sv7.companovel.info\/index.php?rest_route=\/wp\/v2\/pages\/3767","targetHints":{"allow":["GET"]}}],"collection":[{"href":"https:\/\/sv7.companovel.info\/index.php?rest_route=\/wp\/v2\/pages"}],"about":[{"href":"https:\/\/sv7.companovel.info\/index.php?rest_route=\/wp\/v2\/types\/page"}],"author":[{"embeddable":true,"href":"https:\/\/sv7.companovel.info\/index.php?rest_route=\/wp\/v2\/users\/1"}],"replies":[{"embeddable":true,"href":"https:\/\/sv7.companovel.info\/index.php?rest_route=%2Fwp%2Fv2%2Fcomments&post=3767"}],"version-history":[{"count":5,"href":"https:\/\/sv7.companovel.info\/index.php?rest_route=\/wp\/v2\/pages\/3767\/revisions"}],"predecessor-version":[{"id":8014,"href":"https:\/\/sv7.companovel.info\/index.php?rest_route=\/wp\/v2\/pages\/3767\/revisions\/8014"}],"wp:attachment":[{"href":"https:\/\/sv7.companovel.info\/index.php?rest_route=%2Fwp%2Fv2%2Fmedia&parent=3767"}],"curies":[{"name":"wp","href":"https:\/\/api.w.org\/{rel}","templated":true}]}}